{"id":1404,"date":"2013-01-30T19:07:40","date_gmt":"2013-01-30T17:07:40","guid":{"rendered":"http:\/\/www.worldofbullcraft.com\/content\/?page_id=1404"},"modified":"2014-04-04T14:09:20","modified_gmt":"2014-04-04T12:09:20","slug":"deja-vu","status":"publish","type":"page","link":"https:\/\/www.worldofbullcraft.com\/content\/deja-vu\/","title":{"rendered":"D\u00e9j\u00e0 vu"},"content":{"rendered":"<h2 style=\"text-align: center;\">Welcome to D\u00e9j\u00e0 vu\u2019s Homepage!<\/h2>\n<!-- Galleria - place you images here -->\n\t<div class=\"row\">\n       <div id=\"galleria\">\t\n\t\t<a href=\"https:\/\/www.worldofbullcraft.com\/content\/wp-content\/uploads\/2013\/08\/Deja-Vu-1-680x450.jpg\"><img title=\"D\u00e9j\u00e0 Vu of World of Bullcraft<p>D\u00e9j\u00e0 Vu of World of Bullcraft<\/p>\" data-title=\"D\u00e9j\u00e0 Vu of World of Bullcraft<p>D\u00e9j\u00e0 Vu of World of Bullcraft<\/p>\"  src=\"https:\/\/www.worldofbullcraft.com\/content\/wp-content\/uploads\/2013\/08\/Deja-Vu-1-100x50.jpg\"  data-big=\"https:\/\/www.worldofbullcraft.com\/content\/wp-content\/uploads\/2013\/08\/Deja-Vu-1.jpg\"\n\t\t\t\t\t\t\t   data-description=\"\"  \/><\/a><a href=\"https:\/\/www.worldofbullcraft.com\/content\/wp-content\/uploads\/2013\/08\/Deja-Vu-2-680x450.jpg\"><img title=\"D\u00e9j\u00e0 Vu of World of Bullcraft<p>D\u00e9j\u00e0 Vu of World of Bullcraft<\/p>\" data-title=\"D\u00e9j\u00e0 Vu of World of Bullcraft<p>D\u00e9j\u00e0 Vu of World of Bullcraft<\/p>\"  src=\"https:\/\/www.worldofbullcraft.com\/content\/wp-content\/uploads\/2013\/08\/Deja-Vu-2-100x50.jpg\"  data-big=\"https:\/\/www.worldofbullcraft.com\/content\/wp-content\/uploads\/2013\/08\/Deja-Vu-2.jpg\"\n\t\t\t\t\t\t\t   data-description=\"\"  \/><\/a><a href=\"https:\/\/www.worldofbullcraft.com\/content\/wp-content\/uploads\/2013\/08\/Deja-Vu-3-680x450.jpg\"><img title=\"D\u00e9j\u00e0 Vu of World of Bullcraft<p>D\u00e9j\u00e0 Vu of World of Bullcraft<\/p>\" data-title=\"D\u00e9j\u00e0 Vu of World of Bullcraft<p>D\u00e9j\u00e0 Vu of World of Bullcraft<\/p>\"  src=\"https:\/\/www.worldofbullcraft.com\/content\/wp-content\/uploads\/2013\/08\/Deja-Vu-3-100x50.jpg\"  data-big=\"https:\/\/www.worldofbullcraft.com\/content\/wp-content\/uploads\/2013\/08\/Deja-Vu-3.jpg\"\n\t\t\t\t\t\t\t   data-description=\"\"  \/><\/a><a href=\"https:\/\/www.worldofbullcraft.com\/content\/wp-content\/uploads\/2013\/08\/Deja-Vu-4-680x450.jpg\"><img title=\"D\u00e9j\u00e0 Vu of World of Bullcraft<p>D\u00e9j\u00e0 Vu of World of Bullcraft<\/p>\" data-title=\"D\u00e9j\u00e0 Vu of World of Bullcraft<p>D\u00e9j\u00e0 Vu of World of Bullcraft<\/p>\"  src=\"https:\/\/www.worldofbullcraft.com\/content\/wp-content\/uploads\/2013\/08\/Deja-Vu-4-100x50.jpg\"  data-big=\"https:\/\/www.worldofbullcraft.com\/content\/wp-content\/uploads\/2013\/08\/Deja-Vu-4.jpg\"\n\t\t\t\t\t\t\t   data-description=\"\"  \/><\/a><a href=\"https:\/\/www.worldofbullcraft.com\/content\/wp-content\/uploads\/2013\/08\/Deja-Vu-5-680x450.jpg\"><img title=\"D\u00e9j\u00e0 Vu of World of Bullcraft<p>D\u00e9j\u00e0 Vu of World of Bullcraft<\/p>\" data-title=\"D\u00e9j\u00e0 Vu of World of Bullcraft<p>D\u00e9j\u00e0 Vu of World of Bullcraft<\/p>\"  src=\"https:\/\/www.worldofbullcraft.com\/content\/wp-content\/uploads\/2013\/08\/Deja-Vu-5-100x50.jpg\"  data-big=\"https:\/\/www.worldofbullcraft.com\/content\/wp-content\/uploads\/2013\/08\/Deja-Vu-5.jpg\"\n\t\t\t\t\t\t\t   data-description=\"\"  \/><\/a><a href=\"https:\/\/www.worldofbullcraft.com\/content\/wp-content\/uploads\/2013\/08\/Deja-Vu-6-680x450.jpg\"><img title=\"D\u00e9j\u00e0 Vu of World of Bullcraft<p>D\u00e9j\u00e0 Vu of World of Bullcraft<\/p>\" data-title=\"D\u00e9j\u00e0 Vu of World of Bullcraft<p>D\u00e9j\u00e0 Vu of World of Bullcraft<\/p>\"  src=\"https:\/\/www.worldofbullcraft.com\/content\/wp-content\/uploads\/2013\/08\/Deja-Vu-6-100x50.jpg\"  data-big=\"https:\/\/www.worldofbullcraft.com\/content\/wp-content\/uploads\/2013\/08\/Deja-Vu-6.jpg\"\n\t\t\t\t\t\t\t   data-description=\"\"  \/><\/a><a href=\"https:\/\/www.worldofbullcraft.com\/content\/wp-content\/uploads\/2013\/08\/Deja-Vu-7-680x450.jpg\"><img title=\"D\u00e9j\u00e0 Vu of World of Bullcraft<p>D\u00e9j\u00e0 Vu of World of Bullcraft<\/p>\" data-title=\"D\u00e9j\u00e0 Vu of World of Bullcraft<p>D\u00e9j\u00e0 Vu of World of Bullcraft<\/p>\"  src=\"https:\/\/www.worldofbullcraft.com\/content\/wp-content\/uploads\/2013\/08\/Deja-Vu-7-100x50.jpg\"  data-big=\"https:\/\/www.worldofbullcraft.com\/content\/wp-content\/uploads\/2013\/08\/Deja-Vu-7.jpg\"\n\t\t\t\t\t\t\t   data-description=\"\"  \/><\/a><a href=\"https:\/\/www.worldofbullcraft.com\/content\/wp-content\/uploads\/2013\/08\/Deja-Vu-8-680x450.jpg\"><img title=\"D\u00e9j\u00e0 Vu of World of Bullcraft<p>D\u00e9j\u00e0 Vu of World of Bullcraft<\/p>\" data-title=\"D\u00e9j\u00e0 Vu of World of Bullcraft<p>D\u00e9j\u00e0 Vu of World of Bullcraft<\/p>\"  src=\"https:\/\/www.worldofbullcraft.com\/content\/wp-content\/uploads\/2013\/08\/Deja-Vu-8-100x50.jpg\"  data-big=\"https:\/\/www.worldofbullcraft.com\/content\/wp-content\/uploads\/2013\/08\/Deja-Vu-8.jpg\"\n\t\t\t\t\t\t\t   data-description=\"\"  \/><\/a><a href=\"https:\/\/www.worldofbullcraft.com\/content\/wp-content\/uploads\/2013\/08\/Deja-Vu-9-680x450.jpg\"><img title=\"D\u00e9j\u00e0 Vu of World of Bullcraft<p>D\u00e9j\u00e0 Vu of World of Bullcraft<\/p>\" data-title=\"D\u00e9j\u00e0 Vu of World of Bullcraft<p>D\u00e9j\u00e0 Vu of World of Bullcraft<\/p>\"  src=\"https:\/\/www.worldofbullcraft.com\/content\/wp-content\/uploads\/2013\/08\/Deja-Vu-9-100x50.jpg\"  data-big=\"https:\/\/www.worldofbullcraft.com\/content\/wp-content\/uploads\/2013\/08\/Deja-Vu-9.jpg\"\n\t\t\t\t\t\t\t   data-description=\"\"  \/><\/a><a href=\"https:\/\/www.worldofbullcraft.com\/content\/wp-content\/uploads\/2013\/08\/Deja-Vu-10-680x450.jpg\"><img title=\"D\u00e9j\u00e0 Vu of World of Bullcraft<p>D\u00e9j\u00e0 Vu of World of Bullcraft<\/p>\" data-title=\"D\u00e9j\u00e0 Vu of World of Bullcraft<p>D\u00e9j\u00e0 Vu of World of Bullcraft<\/p>\"  src=\"https:\/\/www.worldofbullcraft.com\/content\/wp-content\/uploads\/2013\/08\/Deja-Vu-10-100x50.jpg\"  data-big=\"https:\/\/www.worldofbullcraft.com\/content\/wp-content\/uploads\/2013\/08\/Deja-Vu-10.jpg\"\n\t\t\t\t\t\t\t   data-description=\"\"  \/><\/a><a href=\"https:\/\/www.worldofbullcraft.com\/content\/wp-content\/uploads\/2013\/08\/Deja-Vu-11-680x450.jpg\"><img title=\"D\u00e9j\u00e0 Vu of World of Bullcraft<p>D\u00e9j\u00e0 Vu of World of Bullcraft<\/p>\" data-title=\"D\u00e9j\u00e0 Vu of World of Bullcraft<p>D\u00e9j\u00e0 Vu of World of Bullcraft<\/p>\"  src=\"https:\/\/www.worldofbullcraft.com\/content\/wp-content\/uploads\/2013\/08\/Deja-Vu-11-100x50.jpg\"  data-big=\"https:\/\/www.worldofbullcraft.com\/content\/wp-content\/uploads\/2013\/08\/Deja-Vu-11.jpg\"\n\t\t\t\t\t\t\t   data-description=\"\"  \/><\/a><a href=\"https:\/\/www.worldofbullcraft.com\/content\/wp-content\/uploads\/2013\/08\/Deja-Vu-12-680x450.jpg\"><img title=\"D\u00e9j\u00e0 Vu of World of Bullcraft<p>D\u00e9j\u00e0 Vu of World of Bullcraft<\/p>\" data-title=\"D\u00e9j\u00e0 Vu of World of Bullcraft<p>D\u00e9j\u00e0 Vu of World of Bullcraft<\/p>\"  src=\"https:\/\/www.worldofbullcraft.com\/content\/wp-content\/uploads\/2013\/08\/Deja-Vu-12-100x50.jpg\"  data-big=\"https:\/\/www.worldofbullcraft.com\/content\/wp-content\/uploads\/2013\/08\/Deja-Vu-12.jpg\"\n\t\t\t\t\t\t\t   data-description=\"\"  \/><\/a><a href=\"https:\/\/www.worldofbullcraft.com\/content\/wp-content\/uploads\/2013\/08\/Deja-Vu-13-680x450.jpg\"><img title=\"D\u00e9j\u00e0 Vu of World of Bullcraft<p>D\u00e9j\u00e0 Vu of World of Bullcraft<\/p>\" data-title=\"D\u00e9j\u00e0 Vu of World of Bullcraft<p>D\u00e9j\u00e0 Vu of World of Bullcraft<\/p>\"  src=\"https:\/\/www.worldofbullcraft.com\/content\/wp-content\/uploads\/2013\/08\/Deja-Vu-13-100x50.jpg\"  data-big=\"https:\/\/www.worldofbullcraft.com\/content\/wp-content\/uploads\/2013\/08\/Deja-Vu-13.jpg\"\n\t\t\t\t\t\t\t   data-description=\"\"  \/><\/a><a href=\"https:\/\/www.worldofbullcraft.com\/content\/wp-content\/uploads\/2013\/08\/Deja-Vu-14-680x450.jpg\"><img title=\"D\u00e9j\u00e0 Vu of World of Bullcraft<p>D\u00e9j\u00e0 Vu of World of Bullcraft<\/p>\" data-title=\"D\u00e9j\u00e0 Vu of World of Bullcraft<p>D\u00e9j\u00e0 Vu of World of Bullcraft<\/p>\"  src=\"https:\/\/www.worldofbullcraft.com\/content\/wp-content\/uploads\/2013\/08\/Deja-Vu-14-100x50.jpg\"  data-big=\"https:\/\/www.worldofbullcraft.com\/content\/wp-content\/uploads\/2013\/08\/Deja-Vu-14.jpg\"\n\t\t\t\t\t\t\t   data-description=\"\"  \/><\/a><a href=\"https:\/\/www.worldofbullcraft.com\/content\/wp-content\/uploads\/2013\/08\/Deja-Vu-15-680x450.jpg\"><img title=\"D\u00e9j\u00e0 Vu of World of Bullcraft<p>D\u00e9j\u00e0 Vu of World of Bullcraft<\/p>\" data-title=\"D\u00e9j\u00e0 Vu of World of Bullcraft<p>D\u00e9j\u00e0 Vu of World of Bullcraft<\/p>\"  src=\"https:\/\/www.worldofbullcraft.com\/content\/wp-content\/uploads\/2013\/08\/Deja-Vu-15-100x50.jpg\"  data-big=\"https:\/\/www.worldofbullcraft.com\/content\/wp-content\/uploads\/2013\/08\/Deja-Vu-15.jpg\"\n\t\t\t\t\t\t\t   data-description=\"\"  \/><\/a><a href=\"https:\/\/www.worldofbullcraft.com\/content\/wp-content\/uploads\/2013\/08\/Deja-Vu-16-680x450.jpg\"><img title=\"D\u00e9j\u00e0 Vu of World of Bullcraft<p>D\u00e9j\u00e0 Vu of World of Bullcraft<\/p>\" data-title=\"D\u00e9j\u00e0 Vu of World of Bullcraft<p>D\u00e9j\u00e0 Vu of World of Bullcraft<\/p>\"  src=\"https:\/\/www.worldofbullcraft.com\/content\/wp-content\/uploads\/2013\/08\/Deja-Vu-16-100x50.jpg\"  data-big=\"https:\/\/www.worldofbullcraft.com\/content\/wp-content\/uploads\/2013\/08\/Deja-Vu-16.jpg\"\n\t\t\t\t\t\t\t   data-description=\"\"  \/><\/a><a href=\"https:\/\/www.worldofbullcraft.com\/content\/wp-content\/uploads\/2013\/08\/Deja-Vu-17-680x450.jpg\"><img title=\"D\u00e9j\u00e0 Vu of World of Bullcraft<p>D\u00e9j\u00e0 Vu of World of Bullcraft<\/p>\" data-title=\"D\u00e9j\u00e0 Vu of World of Bullcraft<p>D\u00e9j\u00e0 Vu of World of Bullcraft<\/p>\"  src=\"https:\/\/www.worldofbullcraft.com\/content\/wp-content\/uploads\/2013\/08\/Deja-Vu-17-100x50.jpg\"  data-big=\"https:\/\/www.worldofbullcraft.com\/content\/wp-content\/uploads\/2013\/08\/Deja-Vu-17.jpg\"\n\t\t\t\t\t\t\t   data-description=\"\"  \/><\/a><a href=\"https:\/\/www.worldofbullcraft.com\/content\/wp-content\/uploads\/2013\/08\/Deja-Vu-18-680x450.jpg\"><img title=\"D\u00e9j\u00e0 Vu of World of Bullcraft<p>D\u00e9j\u00e0 Vu of World of Bullcraft<\/p>\" data-title=\"D\u00e9j\u00e0 Vu of World of Bullcraft<p>D\u00e9j\u00e0 Vu of World of Bullcraft<\/p>\"  src=\"https:\/\/www.worldofbullcraft.com\/content\/wp-content\/uploads\/2013\/08\/Deja-Vu-18-100x50.jpg\"  data-big=\"https:\/\/www.worldofbullcraft.com\/content\/wp-content\/uploads\/2013\/08\/Deja-Vu-18.jpg\"\n\t\t\t\t\t\t\t   data-description=\"\"  \/><\/a><a href=\"https:\/\/www.worldofbullcraft.com\/content\/wp-content\/uploads\/2013\/08\/Deja-Vu-19-680x450.jpg\"><img title=\"D\u00e9j\u00e0 Vu of World of Bullcraft<p>D\u00e9j\u00e0 Vu of World of Bullcraft<\/p>\" data-title=\"D\u00e9j\u00e0 Vu of World of Bullcraft<p>D\u00e9j\u00e0 Vu of World of Bullcraft<\/p>\"  src=\"https:\/\/www.worldofbullcraft.com\/content\/wp-content\/uploads\/2013\/08\/Deja-Vu-19-100x50.jpg\"  data-big=\"https:\/\/www.worldofbullcraft.com\/content\/wp-content\/uploads\/2013\/08\/Deja-Vu-19.jpg\"\n\t\t\t\t\t\t\t   data-description=\"\"  \/><\/a><a href=\"https:\/\/www.worldofbullcraft.com\/content\/wp-content\/uploads\/2013\/08\/Deja-Vu-20-680x450.jpg\"><img title=\"D\u00e9j\u00e0 Vu of World of Bullcraft<p>D\u00e9j\u00e0 Vu of World of Bullcraft<\/p>\" data-title=\"D\u00e9j\u00e0 Vu of World of Bullcraft<p>D\u00e9j\u00e0 Vu of World of Bullcraft<\/p>\"  src=\"https:\/\/www.worldofbullcraft.com\/content\/wp-content\/uploads\/2013\/08\/Deja-Vu-20-100x50.jpg\"  data-big=\"https:\/\/www.worldofbullcraft.com\/content\/wp-content\/uploads\/2013\/08\/Deja-Vu-20.jpg\"\n\t\t\t\t\t\t\t   data-description=\"\"  \/><\/a><a href=\"https:\/\/www.worldofbullcraft.com\/content\/wp-content\/uploads\/2013\/08\/Deja-Vu-21-680x450.jpg\"><img title=\"D\u00e9j\u00e0 Vu of World of Bullcraft<p>D\u00e9j\u00e0 Vu of World of Bullcraft<\/p>\" data-title=\"D\u00e9j\u00e0 Vu of World of Bullcraft<p>D\u00e9j\u00e0 Vu of World of Bullcraft<\/p>\"  src=\"https:\/\/www.worldofbullcraft.com\/content\/wp-content\/uploads\/2013\/08\/Deja-Vu-21-100x50.jpg\"  data-big=\"https:\/\/www.worldofbullcraft.com\/content\/wp-content\/uploads\/2013\/08\/Deja-Vu-21.jpg\"\n\t\t\t\t\t\t\t   data-description=\"\"  \/><\/a><a href=\"https:\/\/www.worldofbullcraft.com\/content\/wp-content\/uploads\/2013\/08\/Deja-Vu-22-680x450.jpg\"><img title=\"D\u00e9j\u00e0 Vu of World of Bullcraft<p>D\u00e9j\u00e0 Vu of World of Bullcraft<\/p>\" data-title=\"D\u00e9j\u00e0 Vu of World of Bullcraft<p>D\u00e9j\u00e0 Vu of World of Bullcraft<\/p>\"  src=\"https:\/\/www.worldofbullcraft.com\/content\/wp-content\/uploads\/2013\/08\/Deja-Vu-22-100x50.jpg\"  data-big=\"https:\/\/www.worldofbullcraft.com\/content\/wp-content\/uploads\/2013\/08\/Deja-Vu-22.jpg\"\n\t\t\t\t\t\t\t   data-description=\"\"  \/><\/a>\t\n\t <\/div>\t\n  <\/div>\t\n<!-- Galleria ends here -->\n\n\n<p>D\u00e9j\u00e0 Vu is the only red female in this litter. She&#8217;s calm, sweet and loves the puppy milk bottles we give them as extra.<\/p>\n<p>D\u00e9j\u00e0 Vu\u00a0is living with us.<\/p>\n<p><strong>Biography:<\/strong><\/p>\n<p><a href=\"https:\/\/www.worldofbullcraft.com\/content\/wp-content\/uploads\/2013\/01\/dejavu.jpg\"><img loading=\"lazy\" decoding=\"async\" class=\"alignleft  wp-image-3135\" alt=\"dejavu\" src=\"https:\/\/www.worldofbullcraft.com\/content\/wp-content\/uploads\/2013\/01\/dejavu-300x217.jpg\" width=\"240\" height=\"174\" srcset=\"https:\/\/www.worldofbullcraft.com\/content\/wp-content\/uploads\/2013\/01\/dejavu-300x217.jpg 300w, https:\/\/www.worldofbullcraft.com\/content\/wp-content\/uploads\/2013\/01\/dejavu.jpg 1024w\" sizes=\"auto, (max-width: 240px) 100vw, 240px\" \/><\/a>D\u00e9j\u00e0 vu, which\u00a0originates\u00a0from the French language, literally translates into\u00a0&#8220;already seen&#8221;. It&#8217;s the phenomenon of having the strong sensation that an event or experience currently being experienced had been experienced somewhere\u00a0in the past.<\/p>\n<p>Besides the meaning of the expression\u00a0D\u00e9j\u00e0 vu itself, you might also know it from\u00a0music titles (songs and albums), movie titles (<a title=\"Wikipedia Deja Vu Movie 2006\" href=\"http:\/\/en.wikipedia.org\/wiki\/D%C3%A9j%C3%A0_Vu_(2006_film)\" target=\"_blank\">the one with Denzel Washington as most known<\/a>),\u00a0a certain rollercoaster type\u00a0and even a few clubs around the world that are named alike. You can find a\u00a0larger list <a title=\"Other uses of Deja Vu\" href=\"http:\/\/en.wikipedia.org\/wiki\/D%C3%A9j%C3%A0_vu_(disambiguation)\" target=\"_blank\">here<\/a>.<\/p>\n","protected":false},"excerpt":{"rendered":"<p>Welcome to D\u00e9j\u00e0 vu\u2019s Homepage! D\u00e9j\u00e0 Vu is the only red female in this litter. She&#8217;s calm, sweet and loves the puppy milk bottles we give them as extra. D\u00e9j\u00e0 [&hellip;]<\/p>\n","protected":false},"author":1,"featured_media":0,"parent":0,"menu_order":4,"comment_status":"closed","ping_status":"closed","template":"","meta":{"footnotes":""},"tags":[60,94,101,159,62,213,105],"class_list":["post-1404","page","type-page","status-publish","hentry","tag-bullterrier-2","tag-d-litter","tag-deja-vu","tag-female","tag-pandora","tag-red","tag-severus-snape"],"_links":{"self":[{"href":"https:\/\/www.worldofbullcraft.com\/content\/wp-json\/wp\/v2\/pages\/1404","targetHints":{"allow":["GET"]}}],"collection":[{"href":"https:\/\/www.worldofbullcraft.com\/content\/wp-json\/wp\/v2\/pages"}],"about":[{"href":"https:\/\/www.worldofbullcraft.com\/content\/wp-json\/wp\/v2\/types\/page"}],"author":[{"embeddable":true,"href":"https:\/\/www.worldofbullcraft.com\/content\/wp-json\/wp\/v2\/users\/1"}],"replies":[{"embeddable":true,"href":"https:\/\/www.worldofbullcraft.com\/content\/wp-json\/wp\/v2\/comments?post=1404"}],"version-history":[{"count":6,"href":"https:\/\/www.worldofbullcraft.com\/content\/wp-json\/wp\/v2\/pages\/1404\/revisions"}],"predecessor-version":[{"id":3818,"href":"https:\/\/www.worldofbullcraft.com\/content\/wp-json\/wp\/v2\/pages\/1404\/revisions\/3818"}],"wp:attachment":[{"href":"https:\/\/www.worldofbullcraft.com\/content\/wp-json\/wp\/v2\/media?parent=1404"}],"wp:term":[{"taxonomy":"post_tag","embeddable":true,"href":"https:\/\/www.worldofbullcraft.com\/content\/wp-json\/wp\/v2\/tags?post=1404"}],"curies":[{"name":"wp","href":"https:\/\/api.w.org\/{rel}","templated":true}]}}