{"id":1867,"date":"2011-01-29T14:25:15","date_gmt":"2011-01-29T12:25:15","guid":{"rendered":"http:\/\/www.worldofbullcraft.com\/content\/?page_id=107"},"modified":"2013-08-01T18:49:12","modified_gmt":"2013-08-01T16:49:12","slug":"audi-emily-kaplus","status":"publish","type":"page","link":"https:\/\/www.worldofbullcraft.com\/content\/audi-emily-kaplus\/","title":{"rendered":"Audi &#8216;Emily&#8217; Kaplus"},"content":{"rendered":"<h2 style=\"text-align: center;\">Welcome to Emily&#8217;s Homepage!<\/h2>\n<!-- Galleria - place you images here -->\n\t<div class=\"row\">\n       <div id=\"galleria\">\t\n\t\t<a href=\"https:\/\/www.worldofbullcraft.com\/content\/wp-content\/uploads\/2013\/08\/Emily-680x450.jpg\"><img title=\"Audi 'Emily' Kaplus<p>Audi 'Emily' Kaplus<\/p>\" data-title=\"Audi 'Emily' Kaplus<p>Audi 'Emily' Kaplus<\/p>\"  src=\"https:\/\/www.worldofbullcraft.com\/content\/wp-content\/uploads\/2013\/08\/Emily-100x50.jpg\"  data-big=\"https:\/\/www.worldofbullcraft.com\/content\/wp-content\/uploads\/2013\/08\/Emily.jpg\"\n\t\t\t\t\t\t\t   data-description=\"\"  \/><\/a><a href=\"https:\/\/www.worldofbullcraft.com\/content\/wp-content\/uploads\/2013\/08\/Emily-1-680x450.jpg\"><img title=\"Audi 'Emily' Kaplus<p>Audi 'Emily' Kaplus<\/p>\" data-title=\"Audi 'Emily' Kaplus<p>Audi 'Emily' Kaplus<\/p>\"  src=\"https:\/\/www.worldofbullcraft.com\/content\/wp-content\/uploads\/2013\/08\/Emily-1-100x50.jpg\"  data-big=\"https:\/\/www.worldofbullcraft.com\/content\/wp-content\/uploads\/2013\/08\/Emily-1.jpg\"\n\t\t\t\t\t\t\t   data-description=\"\"  \/><\/a><a href=\"https:\/\/www.worldofbullcraft.com\/content\/wp-content\/uploads\/2013\/08\/Emily-3-680x450.jpg\"><img title=\"Audi 'Emily' Kaplus<p>Audi 'Emily' Kaplus<\/p>\" data-title=\"Audi 'Emily' Kaplus<p>Audi 'Emily' Kaplus<\/p>\"  src=\"https:\/\/www.worldofbullcraft.com\/content\/wp-content\/uploads\/2013\/08\/Emily-3-100x50.jpg\"  data-big=\"https:\/\/www.worldofbullcraft.com\/content\/wp-content\/uploads\/2013\/08\/Emily-3.jpg\"\n\t\t\t\t\t\t\t   data-description=\"\"  \/><\/a><a href=\"https:\/\/www.worldofbullcraft.com\/content\/wp-content\/uploads\/2013\/08\/Emily-4-680x450.jpg\"><img title=\"Audi 'Emily' Kaplus<p>Audi 'Emily' Kaplus<\/p>\" data-title=\"Audi 'Emily' Kaplus<p>Audi 'Emily' Kaplus<\/p>\"  src=\"https:\/\/www.worldofbullcraft.com\/content\/wp-content\/uploads\/2013\/08\/Emily-4-100x50.jpg\"  data-big=\"https:\/\/www.worldofbullcraft.com\/content\/wp-content\/uploads\/2013\/08\/Emily-4.jpg\"\n\t\t\t\t\t\t\t   data-description=\"\"  \/><\/a><a href=\"https:\/\/www.worldofbullcraft.com\/content\/wp-content\/uploads\/2013\/08\/Emily-5-680x450.jpg\"><img title=\"Audi 'Emily' Kaplus<p>Audi 'Emily' Kaplus<\/p>\" data-title=\"Audi 'Emily' Kaplus<p>Audi 'Emily' Kaplus<\/p>\"  src=\"https:\/\/www.worldofbullcraft.com\/content\/wp-content\/uploads\/2013\/08\/Emily-5-100x50.jpg\"  data-big=\"https:\/\/www.worldofbullcraft.com\/content\/wp-content\/uploads\/2013\/08\/Emily-5.jpg\"\n\t\t\t\t\t\t\t   data-description=\"\"  \/><\/a><a href=\"https:\/\/www.worldofbullcraft.com\/content\/wp-content\/uploads\/2013\/08\/Emily-6-680x450.jpg\"><img title=\"Audi 'Emily' Kaplus<p>Audi 'Emily' Kaplus<\/p>\" data-title=\"Audi 'Emily' Kaplus<p>Audi 'Emily' Kaplus<\/p>\"  src=\"https:\/\/www.worldofbullcraft.com\/content\/wp-content\/uploads\/2013\/08\/Emily-6-100x50.jpg\"  data-big=\"https:\/\/www.worldofbullcraft.com\/content\/wp-content\/uploads\/2013\/08\/Emily-6.jpg\"\n\t\t\t\t\t\t\t   data-description=\"\"  \/><\/a><a href=\"https:\/\/www.worldofbullcraft.com\/content\/wp-content\/uploads\/2013\/08\/Emily-7-680x450.jpg\"><img title=\"Audi 'Emily' Kaplus<p>Audi 'Emily' Kaplus<\/p>\" data-title=\"Audi 'Emily' Kaplus<p>Audi 'Emily' Kaplus<\/p>\"  src=\"https:\/\/www.worldofbullcraft.com\/content\/wp-content\/uploads\/2013\/08\/Emily-7-100x50.jpg\"  data-big=\"https:\/\/www.worldofbullcraft.com\/content\/wp-content\/uploads\/2013\/08\/Emily-7.jpg\"\n\t\t\t\t\t\t\t   data-description=\"\"  \/><\/a><a href=\"https:\/\/www.worldofbullcraft.com\/content\/wp-content\/uploads\/2013\/08\/Emily-8-680x450.jpg\"><img title=\"Audi 'Emily' Kaplus<p>Audi 'Emily' Kaplus<\/p>\" data-title=\"Audi 'Emily' Kaplus<p>Audi 'Emily' Kaplus<\/p>\"  src=\"https:\/\/www.worldofbullcraft.com\/content\/wp-content\/uploads\/2013\/08\/Emily-8-100x50.jpg\"  data-big=\"https:\/\/www.worldofbullcraft.com\/content\/wp-content\/uploads\/2013\/08\/Emily-8.jpg\"\n\t\t\t\t\t\t\t   data-description=\"\"  \/><\/a><a href=\"https:\/\/www.worldofbullcraft.com\/content\/wp-content\/uploads\/2013\/08\/Emily-9-680x450.jpg\"><img title=\"Audi 'Emily' Kaplus<p>Audi 'Emily' Kaplus<\/p>\" data-title=\"Audi 'Emily' Kaplus<p>Audi 'Emily' Kaplus<\/p>\"  src=\"https:\/\/www.worldofbullcraft.com\/content\/wp-content\/uploads\/2013\/08\/Emily-9-100x50.jpg\"  data-big=\"https:\/\/www.worldofbullcraft.com\/content\/wp-content\/uploads\/2013\/08\/Emily-9.jpg\"\n\t\t\t\t\t\t\t   data-description=\"\"  \/><\/a><a href=\"https:\/\/www.worldofbullcraft.com\/content\/wp-content\/uploads\/2013\/08\/Emily-10-680x450.jpg\"><img title=\"Audi 'Emily' Kaplus<p>Audi 'Emily' Kaplus<\/p>\" data-title=\"Audi 'Emily' Kaplus<p>Audi 'Emily' Kaplus<\/p>\"  src=\"https:\/\/www.worldofbullcraft.com\/content\/wp-content\/uploads\/2013\/08\/Emily-10-100x50.jpg\"  data-big=\"https:\/\/www.worldofbullcraft.com\/content\/wp-content\/uploads\/2013\/08\/Emily-10.jpg\"\n\t\t\t\t\t\t\t   data-description=\"\"  \/><\/a><a href=\"https:\/\/www.worldofbullcraft.com\/content\/wp-content\/uploads\/2013\/08\/Emily-11-680x450.jpg\"><img title=\"Audi 'Emily' Kaplus<p>Audi 'Emily' Kaplus<\/p>\" data-title=\"Audi 'Emily' Kaplus<p>Audi 'Emily' Kaplus<\/p>\"  src=\"https:\/\/www.worldofbullcraft.com\/content\/wp-content\/uploads\/2013\/08\/Emily-11-100x50.jpg\"  data-big=\"https:\/\/www.worldofbullcraft.com\/content\/wp-content\/uploads\/2013\/08\/Emily-11.jpg\"\n\t\t\t\t\t\t\t   data-description=\"\"  \/><\/a><a href=\"https:\/\/www.worldofbullcraft.com\/content\/wp-content\/uploads\/2013\/08\/Emily-12-680x450.jpg\"><img title=\"Audi 'Emily' Kaplus<p>Audi 'Emily' Kaplus<\/p>\" data-title=\"Audi 'Emily' Kaplus<p>Audi 'Emily' Kaplus<\/p>\"  src=\"https:\/\/www.worldofbullcraft.com\/content\/wp-content\/uploads\/2013\/08\/Emily-12-100x50.jpg\"  data-big=\"https:\/\/www.worldofbullcraft.com\/content\/wp-content\/uploads\/2013\/08\/Emily-12.jpg\"\n\t\t\t\t\t\t\t   data-description=\"\"  \/><\/a><a href=\"https:\/\/www.worldofbullcraft.com\/content\/wp-content\/uploads\/2013\/08\/Emily-13-680x450.jpg\"><img title=\"Audi 'Emily' Kaplus<p>Audi 'Emily' Kaplus<\/p>\" data-title=\"Audi 'Emily' Kaplus<p>Audi 'Emily' Kaplus<\/p>\"  src=\"https:\/\/www.worldofbullcraft.com\/content\/wp-content\/uploads\/2013\/08\/Emily-13-100x50.jpg\"  data-big=\"https:\/\/www.worldofbullcraft.com\/content\/wp-content\/uploads\/2013\/08\/Emily-13.jpg\"\n\t\t\t\t\t\t\t   data-description=\"\"  \/><\/a><a href=\"https:\/\/www.worldofbullcraft.com\/content\/wp-content\/uploads\/2013\/08\/Emily-14-680x450.jpg\"><img title=\"Audi 'Emily' Kaplus<p>Audi 'Emily' Kaplus<\/p>\" data-title=\"Audi 'Emily' Kaplus<p>Audi 'Emily' Kaplus<\/p>\"  src=\"https:\/\/www.worldofbullcraft.com\/content\/wp-content\/uploads\/2013\/08\/Emily-14-100x50.jpg\"  data-big=\"https:\/\/www.worldofbullcraft.com\/content\/wp-content\/uploads\/2013\/08\/Emily-14.jpg\"\n\t\t\t\t\t\t\t   data-description=\"\"  \/><\/a><a href=\"https:\/\/www.worldofbullcraft.com\/content\/wp-content\/uploads\/2013\/08\/Emily-15-680x450.jpg\"><img title=\"Audi 'Emily' Kaplus<p>Audi 'Emily' Kaplus<\/p>\" data-title=\"Audi 'Emily' Kaplus<p>Audi 'Emily' Kaplus<\/p>\"  src=\"https:\/\/www.worldofbullcraft.com\/content\/wp-content\/uploads\/2013\/08\/Emily-15-100x50.jpg\"  data-big=\"https:\/\/www.worldofbullcraft.com\/content\/wp-content\/uploads\/2013\/08\/Emily-15.jpg\"\n\t\t\t\t\t\t\t   data-description=\"\"  \/><\/a><a href=\"https:\/\/www.worldofbullcraft.com\/content\/wp-content\/uploads\/2013\/08\/Emily-16-680x450.jpg\"><img title=\"Audi 'Emily' Kaplus<p>Audi 'Emily' Kaplus<\/p>\" data-title=\"Audi 'Emily' Kaplus<p>Audi 'Emily' Kaplus<\/p>\"  src=\"https:\/\/www.worldofbullcraft.com\/content\/wp-content\/uploads\/2013\/08\/Emily-16-100x50.jpg\"  data-big=\"https:\/\/www.worldofbullcraft.com\/content\/wp-content\/uploads\/2013\/08\/Emily-16.jpg\"\n\t\t\t\t\t\t\t   data-description=\"\"  \/><\/a><a href=\"https:\/\/www.worldofbullcraft.com\/content\/wp-content\/uploads\/2013\/08\/Emily-17-680x450.jpg\"><img title=\"Audi 'Emily' Kaplus<p>Audi 'Emily' Kaplus<\/p>\" data-title=\"Audi 'Emily' Kaplus<p>Audi 'Emily' Kaplus<\/p>\"  src=\"https:\/\/www.worldofbullcraft.com\/content\/wp-content\/uploads\/2013\/08\/Emily-17-100x50.jpg\"  data-big=\"https:\/\/www.worldofbullcraft.com\/content\/wp-content\/uploads\/2013\/08\/Emily-17.jpg\"\n\t\t\t\t\t\t\t   data-description=\"\"  \/><\/a><a href=\"https:\/\/www.worldofbullcraft.com\/content\/wp-content\/uploads\/2013\/08\/Emily-18-680x450.jpg\"><img title=\"Audi 'Emily' Kaplus<p>Audi 'Emily' Kaplus<\/p>\" data-title=\"Audi 'Emily' Kaplus<p>Audi 'Emily' Kaplus<\/p>\"  src=\"https:\/\/www.worldofbullcraft.com\/content\/wp-content\/uploads\/2013\/08\/Emily-18-100x50.jpg\"  data-big=\"https:\/\/www.worldofbullcraft.com\/content\/wp-content\/uploads\/2013\/08\/Emily-18.jpg\"\n\t\t\t\t\t\t\t   data-description=\"\"  \/><\/a><a href=\"https:\/\/www.worldofbullcraft.com\/content\/wp-content\/uploads\/2013\/08\/Emily-19-680x450.jpg\"><img title=\"Audi 'Emily' Kaplus<p>Audi 'Emily' Kaplus<\/p>\" data-title=\"Audi 'Emily' Kaplus<p>Audi 'Emily' Kaplus<\/p>\"  src=\"https:\/\/www.worldofbullcraft.com\/content\/wp-content\/uploads\/2013\/08\/Emily-19-100x50.jpg\"  data-big=\"https:\/\/www.worldofbullcraft.com\/content\/wp-content\/uploads\/2013\/08\/Emily-19.jpg\"\n\t\t\t\t\t\t\t   data-description=\"\"  \/><\/a><a href=\"https:\/\/www.worldofbullcraft.com\/content\/wp-content\/uploads\/2013\/08\/Emily-20-680x450.jpg\"><img title=\"Audi 'Emily' Kaplus<p>Audi 'Emily' Kaplus<\/p>\" data-title=\"Audi 'Emily' Kaplus<p>Audi 'Emily' Kaplus<\/p>\"  src=\"https:\/\/www.worldofbullcraft.com\/content\/wp-content\/uploads\/2013\/08\/Emily-20-100x50.jpg\"  data-big=\"https:\/\/www.worldofbullcraft.com\/content\/wp-content\/uploads\/2013\/08\/Emily-20.jpg\"\n\t\t\t\t\t\t\t   data-description=\"\"  \/><\/a><a href=\"https:\/\/www.worldofbullcraft.com\/content\/wp-content\/uploads\/2013\/08\/Emily-21-680x450.jpg\"><img title=\"Audi 'Emily' Kaplus<p>Audi 'Emily' Kaplus<\/p>\" data-title=\"Audi 'Emily' Kaplus<p>Audi 'Emily' Kaplus<\/p>\"  src=\"https:\/\/www.worldofbullcraft.com\/content\/wp-content\/uploads\/2013\/08\/Emily-21-100x50.jpg\"  data-big=\"https:\/\/www.worldofbullcraft.com\/content\/wp-content\/uploads\/2013\/08\/Emily-21.jpg\"\n\t\t\t\t\t\t\t   data-description=\"\"  \/><\/a><a href=\"https:\/\/www.worldofbullcraft.com\/content\/wp-content\/uploads\/2013\/08\/Emily-22-680x450.jpg\"><img title=\"Audi 'Emily' Kaplus<p>Audi 'Emily' Kaplus<\/p>\" data-title=\"Audi 'Emily' Kaplus<p>Audi 'Emily' Kaplus<\/p>\"  src=\"https:\/\/www.worldofbullcraft.com\/content\/wp-content\/uploads\/2013\/08\/Emily-22-100x50.jpg\"  data-big=\"https:\/\/www.worldofbullcraft.com\/content\/wp-content\/uploads\/2013\/08\/Emily-22.jpg\"\n\t\t\t\t\t\t\t   data-description=\"\"  \/><\/a><a href=\"https:\/\/www.worldofbullcraft.com\/content\/wp-content\/uploads\/2013\/08\/Emily-23-680x450.jpg\"><img title=\"Audi 'Emily' Kaplus<p>Audi 'Emily' Kaplus<\/p>\" data-title=\"Audi 'Emily' Kaplus<p>Audi 'Emily' Kaplus<\/p>\"  src=\"https:\/\/www.worldofbullcraft.com\/content\/wp-content\/uploads\/2013\/08\/Emily-23-100x50.jpg\"  data-big=\"https:\/\/www.worldofbullcraft.com\/content\/wp-content\/uploads\/2013\/08\/Emily-23.jpg\"\n\t\t\t\t\t\t\t   data-description=\"\"  \/><\/a><a href=\"https:\/\/www.worldofbullcraft.com\/content\/wp-content\/uploads\/2013\/08\/Emily-24-680x450.jpg\"><img title=\"Audi 'Emily' Kaplus<p>Audi 'Emily' Kaplus<\/p>\" data-title=\"Audi 'Emily' Kaplus<p>Audi 'Emily' Kaplus<\/p>\"  src=\"https:\/\/www.worldofbullcraft.com\/content\/wp-content\/uploads\/2013\/08\/Emily-24-100x50.jpg\"  data-big=\"https:\/\/www.worldofbullcraft.com\/content\/wp-content\/uploads\/2013\/08\/Emily-24.jpg\"\n\t\t\t\t\t\t\t   data-description=\"\"  \/><\/a><a href=\"https:\/\/www.worldofbullcraft.com\/content\/wp-content\/uploads\/2013\/08\/Emily-25-680x450.jpg\"><img title=\"Audi 'Emily' Kaplus<p>Audi 'Emily' Kaplus<\/p>\" data-title=\"Audi 'Emily' Kaplus<p>Audi 'Emily' Kaplus<\/p>\"  src=\"https:\/\/www.worldofbullcraft.com\/content\/wp-content\/uploads\/2013\/08\/Emily-25-100x50.jpg\"  data-big=\"https:\/\/www.worldofbullcraft.com\/content\/wp-content\/uploads\/2013\/08\/Emily-25.jpg\"\n\t\t\t\t\t\t\t   data-description=\"\"  \/><\/a><a href=\"https:\/\/www.worldofbullcraft.com\/content\/wp-content\/uploads\/2013\/08\/Emily-26-680x450.jpg\"><img title=\"Audi 'Emily' Kaplus<p>Audi 'Emily' Kaplus<\/p>\" data-title=\"Audi 'Emily' Kaplus<p>Audi 'Emily' Kaplus<\/p>\"  src=\"https:\/\/www.worldofbullcraft.com\/content\/wp-content\/uploads\/2013\/08\/Emily-26-100x50.jpg\"  data-big=\"https:\/\/www.worldofbullcraft.com\/content\/wp-content\/uploads\/2013\/08\/Emily-26.jpg\"\n\t\t\t\t\t\t\t   data-description=\"\"  \/><\/a><a href=\"https:\/\/www.worldofbullcraft.com\/content\/wp-content\/uploads\/2013\/08\/Emily-27-680x450.jpg\"><img title=\"Audi 'Emily' Kaplus<p>Audi 'Emily' Kaplus<\/p>\" data-title=\"Audi 'Emily' Kaplus<p>Audi 'Emily' Kaplus<\/p>\"  src=\"https:\/\/www.worldofbullcraft.com\/content\/wp-content\/uploads\/2013\/08\/Emily-27-100x50.jpg\"  data-big=\"https:\/\/www.worldofbullcraft.com\/content\/wp-content\/uploads\/2013\/08\/Emily-27.jpg\"\n\t\t\t\t\t\t\t   data-description=\"\"  \/><\/a><a href=\"https:\/\/www.worldofbullcraft.com\/content\/wp-content\/uploads\/2013\/08\/Emily-28-680x450.jpg\"><img title=\"Audi 'Emily' Kaplus<p>Audi 'Emily' Kaplus<\/p>\" data-title=\"Audi 'Emily' Kaplus<p>Audi 'Emily' Kaplus<\/p>\"  src=\"https:\/\/www.worldofbullcraft.com\/content\/wp-content\/uploads\/2013\/08\/Emily-28-100x50.jpg\"  data-big=\"https:\/\/www.worldofbullcraft.com\/content\/wp-content\/uploads\/2013\/08\/Emily-28.jpg\"\n\t\t\t\t\t\t\t   data-description=\"\"  \/><\/a><a href=\"https:\/\/www.worldofbullcraft.com\/content\/wp-content\/uploads\/2013\/08\/Emily-2-680x450.jpg\"><img title=\"Audi 'Emily' Kaplus<p>Audi 'Emily' Kaplus<\/p>\" data-title=\"Audi 'Emily' Kaplus<p>Audi 'Emily' Kaplus<\/p>\"  src=\"https:\/\/www.worldofbullcraft.com\/content\/wp-content\/uploads\/2013\/08\/Emily-2-100x50.jpg\"  data-big=\"https:\/\/www.worldofbullcraft.com\/content\/wp-content\/uploads\/2013\/08\/Emily-2.jpg\"\n\t\t\t\t\t\t\t   data-description=\"\"  \/><\/a>\t\n\t <\/div>\t\n  <\/div>\t\n<!-- Galleria ends here -->\n\n\n<p>Audi &#8216;Emily&#8217; Kaplus is our\u00a0first Bulldog in the family (Click <a title=\"Frostside Emily's FCI Family Tree\" href=\"https:\/\/www.worldofbullcraft.com\/content\/wp-content\/uploads\/2011\/01\/Family-Tree-Frontside.jpg\" target=\"_blank\">FrontSide<\/a> | <a title=\"Backside Emily's FCI Familytree\" href=\"https:\/\/www.worldofbullcraft.com\/content\/wp-content\/uploads\/2011\/01\/Family-Tree-Backside1.jpg\" target=\"_blank\">BackSide<\/a> for her F.C.I. Familytree). Well, actually it&#8217;s my wife&#8217;s bulldog since it was her (unvoluntairy) choice to have someone in the family that can snore even louder than me \ud83d\ude00<\/p>\n<p><strong>How did we get Emily:<\/strong><\/p>\n<p>Emily was &#8220;First Pick&#8221; out of the nest, as reward for the covering of Prima &#8220;Amudaria&#8221; with Henegars <a title=\"Remington Bulldogs\" href=\"http:\/\/www.remingtonbulldogs.com\/index.html\" target=\"_blank\">&#8220;Rockin Remington&#8221;<\/a>. The owner of Henegars is a friend of ours. Since Henegars is a import Bulldog from the USA, it means fresh blood in the Bulldog lines available in Poland and Europe. This results in less likely\u00a0&#8220;Defects&#8221; like skin problems, breathing problems and other diseases that appear \u00a0in the Bulldog breed in general. We didn&#8217;t really know about all possible problems, until the owner of Henegars pointed us on these facts. So far we are happy to say we have none of these problems with Emily whatsoever.<\/p>\n<p><strong>Personality of Emily:<\/strong><\/p>\n<p>She&#8217;s a healthy and happy Bulldog running around with our kids and dogs. She&#8217;s friendly to everybody, likes all kinds of things to eat (fruit, vegetables, chicken, pig and ofcourse also dry food) and doesn&#8217;t seem to have problems digesting it. She&#8217;s lying around, best at your feet (which is a nice feetwarmer during cold days) and snoring like there&#8217;s no tomorrow. All in all a funny Bulldog.<\/p>\n<p><strong>Shows and Achievements of Emily to date:<\/strong><\/p>\n<ul>\n<li><a title=\"Youth Winner (Best Pup of Show)\" href=\"https:\/\/www.worldofbullcraft.com\/content\/wp-content\/uploads\/2011\/01\/National-Show-Zielonej-Gorze-Youth.jpg\" target=\"_blank\"><strong>Youth Winner (Best Pup)<\/strong> in Zielonej Gorze, 6 and 7 March 2010<\/a><\/li>\n<li><a title=\"First Place Int. Show Szczecin\" href=\"https:\/\/www.worldofbullcraft.com\/content\/wp-content\/uploads\/2011\/01\/International-Show-Szczecin.jpg\" target=\"_blank\"><strong>First Place<\/strong> in Szczecin, 19 and 20 June 2010<\/a><\/li>\n<li><a title=\"Second Place (Silver Medal) Koszalin\" href=\"https:\/\/www.worldofbullcraft.com\/content\/wp-content\/uploads\/2011\/01\/National-Show-Koszalin.jpg\" target=\"_blank\"><strong>Second Place (Silver Medal)<\/strong> in Koszalin, 24 July 2010<\/a><\/li>\n<li><a title=\"First Place (Gold Medal) Int. Show Poznan\" href=\"https:\/\/www.worldofbullcraft.com\/content\/wp-content\/uploads\/2011\/01\/International-Show-Poznan-day-1.jpg\" target=\"_blank\"><strong>First Place (Golden Medal)<\/strong> in Poznan, 6 November 2010<\/a><\/li>\n<li><a title=\"First Place Int. Show Poznan\" href=\"https:\/\/www.worldofbullcraft.com\/content\/wp-content\/uploads\/2011\/01\/International-Show-Poznan-day-2.jpg\" target=\"_blank\"><strong>First Place <\/strong>in Poznan, 7 November 2010<\/a><\/li>\n<li><a title=\"Rostock 2011 Certificate of Participation\" href=\"https:\/\/www.worldofbullcraft.com\/content\/wp-content\/uploads\/2011\/10\/Rostock-2011-Oorkonde.jpg\" target=\"_blank\"><strong>Second Place <\/strong>in Rostock, 08 October 2011<\/a>\u00a0(<a title=\"Judge Report Rostock\" href=\"https:\/\/www.worldofbullcraft.com\/content\/wp-content\/uploads\/2011\/10\/Rostock-2011-Judge-Report.jpg\" target=\"_blank\">+ Judge Report<\/a>)<\/li>\n<\/ul>\n<p><strong>Emily&#8217;s Litters:<\/strong><\/p>\n<ul>\n<li><a title=\"Emily\u2019s \u201cA\u201d Litter\" href=\"https:\/\/www.worldofbullcraft.com\/content\/emilys-a-litter\/\">On 08-01-2011 in \u015awinouj\u015bcie (Swinem\u00fcnde, Poland) were born 2 females and 5 males trough C-section by our Veterinarian.<\/a><\/li>\n<li><a title=\"Emily\u2019s \u201cC\u201d Litter\" href=\"https:\/\/www.worldofbullcraft.com\/content\/emilys-c-litter\/\">On 21-03-2012 in Ko\u0142obrzeg (Poland) were born 4 females and 4 males trough C-section by our specialized Veterinarian.<\/a><\/li>\n<\/ul>\n<p>&nbsp;<\/p>\n","protected":false},"excerpt":{"rendered":"<p>Welcome to Emily&#8217;s Homepage! Audi &#8216;Emily&#8217; Kaplus is our\u00a0first Bulldog in the family (Click FrontSide | BackSide for her F.C.I. Familytree). Well, actually it&#8217;s my wife&#8217;s bulldog since it was [&hellip;]<\/p>\n","protected":false},"author":1,"featured_media":0,"parent":0,"menu_order":0,"comment_status":"closed","ping_status":"closed","template":"","meta":{"footnotes":""},"tags":[202,203,43,200,49,159,201,179],"class_list":["post-1867","page","type-page","status-publish","hentry","tag-audi","tag-brown","tag-bulldog-2","tag-czin-czin","tag-emily-2","tag-female","tag-kaplus","tag-white"],"_links":{"self":[{"href":"https:\/\/www.worldofbullcraft.com\/content\/wp-json\/wp\/v2\/pages\/1867","targetHints":{"allow":["GET"]}}],"collection":[{"href":"https:\/\/www.worldofbullcraft.com\/content\/wp-json\/wp\/v2\/pages"}],"about":[{"href":"https:\/\/www.worldofbullcraft.com\/content\/wp-json\/wp\/v2\/types\/page"}],"author":[{"embeddable":true,"href":"https:\/\/www.worldofbullcraft.com\/content\/wp-json\/wp\/v2\/users\/1"}],"replies":[{"embeddable":true,"href":"https:\/\/www.worldofbullcraft.com\/content\/wp-json\/wp\/v2\/comments?post=1867"}],"version-history":[{"count":10,"href":"https:\/\/www.worldofbullcraft.com\/content\/wp-json\/wp\/v2\/pages\/1867\/revisions"}],"predecessor-version":[{"id":3272,"href":"https:\/\/www.worldofbullcraft.com\/content\/wp-json\/wp\/v2\/pages\/1867\/revisions\/3272"}],"wp:attachment":[{"href":"https:\/\/www.worldofbullcraft.com\/content\/wp-json\/wp\/v2\/media?parent=1867"}],"wp:term":[{"taxonomy":"post_tag","embeddable":true,"href":"https:\/\/www.worldofbullcraft.com\/content\/wp-json\/wp\/v2\/tags?post=1867"}],"curies":[{"name":"wp","href":"https:\/\/api.w.org\/{rel}","templated":true}]}}