{"id":321,"date":"2011-02-11T13:18:20","date_gmt":"2011-02-11T11:18:20","guid":{"rendered":"http:\/\/www.worldofbullcraft.com\/content\/?page_id=321"},"modified":"2014-04-04T16:54:48","modified_gmt":"2014-04-04T14:54:48","slug":"pandora-niebezpieczne-zwiazki","status":"publish","type":"page","link":"https:\/\/www.worldofbullcraft.com\/content\/pandora-niebezpieczne-zwiazki\/","title":{"rendered":"Pandora Niebezpieczne Zwiazki"},"content":{"rendered":"<h2 style=\"text-align: center;\">Welcome to Pandora&#8217;s Homepage!<\/h2>\n<!-- Galleria - place you images here -->\n\t<div class=\"row\">\n       <div id=\"galleria\">\t\n\t\t<a href=\"https:\/\/www.worldofbullcraft.com\/content\/wp-content\/uploads\/2013\/08\/Pandora-1-680x450.jpg\"><img title=\"\u2018Pandora\u2019 Niebezpieczne Zwiazki<p>\u2018Pandora\u2019 Niebezpieczne Zwiazki<\/p>\" data-title=\"\u2018Pandora\u2019 Niebezpieczne Zwiazki<p>\u2018Pandora\u2019 Niebezpieczne Zwiazki<\/p>\"  src=\"https:\/\/www.worldofbullcraft.com\/content\/wp-content\/uploads\/2013\/08\/Pandora-1-100x50.jpg\"  data-big=\"https:\/\/www.worldofbullcraft.com\/content\/wp-content\/uploads\/2013\/08\/Pandora-1.jpg\"\n\t\t\t\t\t\t\t   data-description=\"\"  \/><\/a><a href=\"https:\/\/www.worldofbullcraft.com\/content\/wp-content\/uploads\/2013\/08\/Pandora-2-680x450.jpg\"><img title=\"\u2018Pandora\u2019 Niebezpieczne Zwiazki<p>\u2018Pandora\u2019 Niebezpieczne Zwiazki<\/p>\" data-title=\"\u2018Pandora\u2019 Niebezpieczne Zwiazki<p>\u2018Pandora\u2019 Niebezpieczne Zwiazki<\/p>\"  src=\"https:\/\/www.worldofbullcraft.com\/content\/wp-content\/uploads\/2013\/08\/Pandora-2-100x50.jpg\"  data-big=\"https:\/\/www.worldofbullcraft.com\/content\/wp-content\/uploads\/2013\/08\/Pandora-2.jpg\"\n\t\t\t\t\t\t\t   data-description=\"\"  \/><\/a><a href=\"https:\/\/www.worldofbullcraft.com\/content\/wp-content\/uploads\/2013\/08\/Pandora-3-680x450.jpg\"><img title=\"\u2018Pandora\u2019 Niebezpieczne Zwiazki<p>\u2018Pandora\u2019 Niebezpieczne Zwiazki<\/p>\" data-title=\"\u2018Pandora\u2019 Niebezpieczne Zwiazki<p>\u2018Pandora\u2019 Niebezpieczne Zwiazki<\/p>\"  src=\"https:\/\/www.worldofbullcraft.com\/content\/wp-content\/uploads\/2013\/08\/Pandora-3-100x50.jpg\"  data-big=\"https:\/\/www.worldofbullcraft.com\/content\/wp-content\/uploads\/2013\/08\/Pandora-3.jpg\"\n\t\t\t\t\t\t\t   data-description=\"\"  \/><\/a><a href=\"https:\/\/www.worldofbullcraft.com\/content\/wp-content\/uploads\/2013\/08\/Pandora-4-680x450.jpg\"><img title=\"\u2018Pandora\u2019 Niebezpieczne Zwiazki<p>\u2018Pandora\u2019 Niebezpieczne Zwiazki<\/p>\" data-title=\"\u2018Pandora\u2019 Niebezpieczne Zwiazki<p>\u2018Pandora\u2019 Niebezpieczne Zwiazki<\/p>\"  src=\"https:\/\/www.worldofbullcraft.com\/content\/wp-content\/uploads\/2013\/08\/Pandora-4-100x50.jpg\"  data-big=\"https:\/\/www.worldofbullcraft.com\/content\/wp-content\/uploads\/2013\/08\/Pandora-4.jpg\"\n\t\t\t\t\t\t\t   data-description=\"\"  \/><\/a><a href=\"https:\/\/www.worldofbullcraft.com\/content\/wp-content\/uploads\/2013\/08\/Pandora-5-680x450.jpg\"><img title=\"\u2018Pandora\u2019 Niebezpieczne Zwiazki<p>\u2018Pandora\u2019 Niebezpieczne Zwiazki<\/p>\" data-title=\"\u2018Pandora\u2019 Niebezpieczne Zwiazki<p>\u2018Pandora\u2019 Niebezpieczne Zwiazki<\/p>\"  src=\"https:\/\/www.worldofbullcraft.com\/content\/wp-content\/uploads\/2013\/08\/Pandora-5-100x50.jpg\"  data-big=\"https:\/\/www.worldofbullcraft.com\/content\/wp-content\/uploads\/2013\/08\/Pandora-5.jpg\"\n\t\t\t\t\t\t\t   data-description=\"\"  \/><\/a><a href=\"https:\/\/www.worldofbullcraft.com\/content\/wp-content\/uploads\/2013\/08\/Pandora-6-680x450.jpg\"><img title=\"\u2018Pandora\u2019 Niebezpieczne Zwiazki<p>\u2018Pandora\u2019 Niebezpieczne Zwiazki<\/p>\" data-title=\"\u2018Pandora\u2019 Niebezpieczne Zwiazki<p>\u2018Pandora\u2019 Niebezpieczne Zwiazki<\/p>\"  src=\"https:\/\/www.worldofbullcraft.com\/content\/wp-content\/uploads\/2013\/08\/Pandora-6-100x50.jpg\"  data-big=\"https:\/\/www.worldofbullcraft.com\/content\/wp-content\/uploads\/2013\/08\/Pandora-6.jpg\"\n\t\t\t\t\t\t\t   data-description=\"\"  \/><\/a><a href=\"https:\/\/www.worldofbullcraft.com\/content\/wp-content\/uploads\/2013\/08\/Pandora-7-680x450.jpg\"><img title=\"\u2018Pandora\u2019 Niebezpieczne Zwiazki<p>\u2018Pandora\u2019 Niebezpieczne Zwiazki<\/p>\" data-title=\"\u2018Pandora\u2019 Niebezpieczne Zwiazki<p>\u2018Pandora\u2019 Niebezpieczne Zwiazki<\/p>\"  src=\"https:\/\/www.worldofbullcraft.com\/content\/wp-content\/uploads\/2013\/08\/Pandora-7-100x50.jpg\"  data-big=\"https:\/\/www.worldofbullcraft.com\/content\/wp-content\/uploads\/2013\/08\/Pandora-7.jpg\"\n\t\t\t\t\t\t\t   data-description=\"\"  \/><\/a>\t\n\t <\/div>\t\n  <\/div>\t\n<!-- Galleria ends here -->\n\n\n<p>Pandora is our first F.C.I. Bullterri\u00ebr in the family (Click <a title=\"Pandora's FCI Family Tree - Frontside\" href=\"https:\/\/www.worldofbullcraft.com\/content\/wp-content\/uploads\/2011\/11\/Familytree-Front.jpg\">Frontside<\/a> | <a title=\"Pandora's FCI Family Tree - Backside\" href=\"https:\/\/www.worldofbullcraft.com\/content\/wp-content\/uploads\/2011\/11\/Familtree-Back.jpg\">Backside<\/a> of her F.C.I. Familytree). After having cared for\u00a0several &#8216;rescue dogs&#8217; we decided on one of our own.<\/p>\n<p><strong>How did we get Pandora:<\/strong><\/p>\n<p>After browsing the internet we found\u00a0an advert with Pandora on the picture. She was at that time already 4 months old, nearly 5 even. My wife liked her from the very start due to her funny spot on the eye and the opposite ear. After some preparations we travelled to <a title=\"Torun\" href=\"http:\/\/en.wikipedia.org\/wiki\/Toru%C5%84\" target=\"_blank\">Torun<\/a> (<a title=\"Province Kujawsko Pomorskie\" href=\"http:\/\/en.wikipedia.org\/wiki\/Kuyavian-Pomeranian_Voivodeship\" target=\"_blank\">Kujawsko Pomorskie<\/a>)\u00a0to pick her up. Having her checked trough by a local vet, and all papers and contracts signed we took her back home with us.<\/p>\n<p><strong>Personality of Pandora:<\/strong><\/p>\n<p>She\u2019s a healthy and happy Bullterrier running around with our kids and our other dogs. She\u2019s friendly to almost\u00a0everybody, likes all kinds of things to eat (fruit, vegetables, chicken, pig and ofcourse also dry food) and doesn\u2019t seem to have problems digesting it. She is not too fond of smaller dogs. This probably has to do with a experience when she was small (concerning a certain Jackrussel terri\u00ebr that bit her to blood on the\u00a0snout\u00a0when she was small). She\u2019s lying around, not on any particular place. But a blanket is always appreciated.\u00a0Further she&#8217;s\u00a0reasonably garding of nature, especially towards our children and the wife (and funny enough not to me. She rather protects the wife and kids from me). All in all a\u00a0healthy Bullterrier with a reasonable mild personality.<\/p>\n<p><strong>Shows and Achievements of\u00a0Pandora to date:<\/strong><\/p>\n<ul>\n<li><a title=\"Third Place Int. Show Poznan\" href=\"https:\/\/www.worldofbullcraft.com\/content\/wp-content\/uploads\/2011\/11\/6November2010.jpg\" target=\"_blank\"><strong>Third\u00a0Place<\/strong> in Poznan, 6 November 2010<\/a><\/li>\n<li><a title=\"Second Place Int. Show Poznan\" href=\"https:\/\/www.worldofbullcraft.com\/content\/wp-content\/uploads\/2011\/11\/7November2010.jpg\" target=\"_blank\"><strong>Second\u00a0Place <\/strong>in Poznan, 7 November 2010<\/a><\/li>\n<li><a title=\"First Place + CWC\/CAC (Best Female) in Legionowo\" href=\"https:\/\/www.worldofbullcraft.com\/content\/wp-content\/uploads\/2011\/11\/December20101.jpg\" target=\"_blank\"><strong>First\u00a0Place + CWC\/CAC (Best Female) \u00a0<\/strong>in Legionowo,\u00a012 December 2010<\/a><\/li>\n<\/ul>\n<p><strong>Pandora&#8217;s\u00a0Litters:<\/strong><\/p>\n<p><a title=\"Pandora\u2019s \u201cB\u201d Litter\" href=\"https:\/\/www.worldofbullcraft.com\/content\/pandoras-b-litter\/\" target=\"_blank\">On 11-11-2011 in \u015awinouj\u015bcie (Swinem\u00fcnde, Poland) were born\u00a03 females and 5 males partly natural (2) and partly trough C-section (6)\u00a0by our Veterinarian.<\/a> The nest\u00a0is sired by <a title=\"Atylla Hun \u201cPepper\u201d Bule z Buzy\" href=\"https:\/\/www.worldofbullcraft.com\/content\/atylla-hun-pepper-bule-z-buzy\/\" target=\"_blank\">Atylla Hun &#8216;Pepper&#8217; Bule z Buzy<\/a>.<br \/>\n<a title=\"Pandora\u2019s \u201cD\u201d Litter\" href=\"https:\/\/www.worldofbullcraft.com\/content\/pandoras-d-litter\/\" target=\"_blank\">On 04-01-2013 in\u00a0Grab\u00f3w (Poland) were born\u00a05 females and\u00a02 males trough C-section by\u00a0a Veterinarian in \u017bary.<\/a>\u00a0The nest\u00a0is sired by <a title=\"Severus Snape Verbena\" href=\"https:\/\/www.worldofbullcraft.com\/content\/severus-snape-verbena\/\" target=\"_blank\">Severus Snape Verbena<\/a>.<\/p>\n","protected":false},"excerpt":{"rendered":"<p>Welcome to Pandora&#8217;s Homepage! Pandora is our first F.C.I. Bullterri\u00ebr in the family (Click Frontside | Backside of her F.C.I. Familytree). After having cared for\u00a0several &#8216;rescue dogs&#8217; we decided on [&hellip;]<\/p>\n","protected":false},"author":1,"featured_media":0,"parent":0,"menu_order":0,"comment_status":"closed","ping_status":"closed","template":"","meta":{"footnotes":""},"tags":[206,60,159,189,179],"class_list":["post-321","page","type-page","status-publish","hentry","tag-brindle","tag-bullterrier-2","tag-female","tag-patch","tag-white"],"_links":{"self":[{"href":"https:\/\/www.worldofbullcraft.com\/content\/wp-json\/wp\/v2\/pages\/321","targetHints":{"allow":["GET"]}}],"collection":[{"href":"https:\/\/www.worldofbullcraft.com\/content\/wp-json\/wp\/v2\/pages"}],"about":[{"href":"https:\/\/www.worldofbullcraft.com\/content\/wp-json\/wp\/v2\/types\/page"}],"author":[{"embeddable":true,"href":"https:\/\/www.worldofbullcraft.com\/content\/wp-json\/wp\/v2\/users\/1"}],"replies":[{"embeddable":true,"href":"https:\/\/www.worldofbullcraft.com\/content\/wp-json\/wp\/v2\/comments?post=321"}],"version-history":[{"count":8,"href":"https:\/\/www.worldofbullcraft.com\/content\/wp-json\/wp\/v2\/pages\/321\/revisions"}],"predecessor-version":[{"id":4009,"href":"https:\/\/www.worldofbullcraft.com\/content\/wp-json\/wp\/v2\/pages\/321\/revisions\/4009"}],"wp:attachment":[{"href":"https:\/\/www.worldofbullcraft.com\/content\/wp-json\/wp\/v2\/media?parent=321"}],"wp:term":[{"taxonomy":"post_tag","embeddable":true,"href":"https:\/\/www.worldofbullcraft.com\/content\/wp-json\/wp\/v2\/tags?post=321"}],"curies":[{"name":"wp","href":"https:\/\/api.w.org\/{rel}","templated":true}]}}