{"id":607,"date":"2011-10-21T01:08:32","date_gmt":"2011-10-20T23:08:32","guid":{"rendered":"http:\/\/www.worldofbullcraft.com\/content\/?page_id=607"},"modified":"2015-05-19T19:46:40","modified_gmt":"2015-05-19T17:46:40","slug":"atylla-hun-pepper-bule-z-buzy","status":"publish","type":"page","link":"https:\/\/www.worldofbullcraft.com\/content\/atylla-hun-pepper-bule-z-buzy\/","title":{"rendered":"Atylla Hun &#8216;Pepper&#8217; Bule z Buzy"},"content":{"rendered":"<p style=\"text-align: center;\"><span style=\"font-size: 1.5em;\">Welcome to the courtesy page for:<\/span><\/p>\n<h2 style=\"text-align: center;\"><strong>Atylla Hun &#8216;Pepper&#8217; Bule z Buzy<\/strong><\/h2>\n<!-- Galleria - place you images here -->\n\t<div class=\"row\">\n       <div id=\"galleria\">\t\n\t\t<a href=\"https:\/\/www.worldofbullcraft.com\/content\/wp-content\/uploads\/2013\/08\/atylla1-680x450.jpg\"><img title=\"Atylla Hun Bule z Buzy<p>Atylla Hun Bule z Buzy<\/p>\" data-title=\"Atylla Hun Bule z Buzy<p>Atylla Hun Bule z Buzy<\/p>\"  src=\"https:\/\/www.worldofbullcraft.com\/content\/wp-content\/uploads\/2013\/08\/atylla1-100x50.jpg\"  data-big=\"https:\/\/www.worldofbullcraft.com\/content\/wp-content\/uploads\/2013\/08\/atylla1.jpg\"\n\t\t\t\t\t\t\t   data-description=\"\"  \/><\/a><a href=\"https:\/\/www.worldofbullcraft.com\/content\/wp-content\/uploads\/2013\/08\/atylla2-680x450.jpg\"><img title=\"Atylla Hun Bule z Buzy<p>Atylla Hun Bule z Buzy<\/p>\" data-title=\"Atylla Hun Bule z Buzy<p>Atylla Hun Bule z Buzy<\/p>\"  src=\"https:\/\/www.worldofbullcraft.com\/content\/wp-content\/uploads\/2013\/08\/atylla2-100x50.jpg\"  data-big=\"https:\/\/www.worldofbullcraft.com\/content\/wp-content\/uploads\/2013\/08\/atylla2.jpg\"\n\t\t\t\t\t\t\t   data-description=\"\"  \/><\/a><a href=\"https:\/\/www.worldofbullcraft.com\/content\/wp-content\/uploads\/2013\/08\/atylla3-680x450.jpg\"><img title=\"Atylla Hun Bule z Buzy<p>Atylla Hun Bule z Buzy<\/p>\" data-title=\"Atylla Hun Bule z Buzy<p>Atylla Hun Bule z Buzy<\/p>\"  src=\"https:\/\/www.worldofbullcraft.com\/content\/wp-content\/uploads\/2013\/08\/atylla3-100x50.jpg\"  data-big=\"https:\/\/www.worldofbullcraft.com\/content\/wp-content\/uploads\/2013\/08\/atylla3.jpg\"\n\t\t\t\t\t\t\t   data-description=\"\"  \/><\/a><a href=\"https:\/\/www.worldofbullcraft.com\/content\/wp-content\/uploads\/2013\/08\/atylla4-680x450.jpg\"><img title=\"Atylla Hun Bule z Buzy<p>Atylla Hun Bule z Buzy<\/p>\" data-title=\"Atylla Hun Bule z Buzy<p>Atylla Hun Bule z Buzy<\/p>\"  src=\"https:\/\/www.worldofbullcraft.com\/content\/wp-content\/uploads\/2013\/08\/atylla4-100x50.jpg\"  data-big=\"https:\/\/www.worldofbullcraft.com\/content\/wp-content\/uploads\/2013\/08\/atylla4.jpg\"\n\t\t\t\t\t\t\t   data-description=\"\"  \/><\/a><a href=\"https:\/\/www.worldofbullcraft.com\/content\/wp-content\/uploads\/2013\/08\/atylla8-680x450.jpg\"><img title=\"Atylla Hun Bule z Buzy<p>Atylla Hun Bule z Buzy<\/p>\" data-title=\"Atylla Hun Bule z Buzy<p>Atylla Hun Bule z Buzy<\/p>\"  src=\"https:\/\/www.worldofbullcraft.com\/content\/wp-content\/uploads\/2013\/08\/atylla8-100x50.jpg\"  data-big=\"https:\/\/www.worldofbullcraft.com\/content\/wp-content\/uploads\/2013\/08\/atylla8.jpg\"\n\t\t\t\t\t\t\t   data-description=\"\"  \/><\/a><a href=\"https:\/\/www.worldofbullcraft.com\/content\/wp-content\/uploads\/2013\/08\/atylla9-680x450.jpg\"><img title=\"Atylla Hun Bule z Buzy<p>Atylla Hun Bule z Buzy<\/p>\" data-title=\"Atylla Hun Bule z Buzy<p>Atylla Hun Bule z Buzy<\/p>\"  src=\"https:\/\/www.worldofbullcraft.com\/content\/wp-content\/uploads\/2013\/08\/atylla9-100x50.jpg\"  data-big=\"https:\/\/www.worldofbullcraft.com\/content\/wp-content\/uploads\/2013\/08\/atylla9.jpg\"\n\t\t\t\t\t\t\t   data-description=\"\"  \/><\/a><a href=\"https:\/\/www.worldofbullcraft.com\/content\/wp-content\/uploads\/2013\/08\/atylla10-680x450.jpg\"><img title=\"Atylla Hun Bule z Buzy<p>Atylla Hun Bule z Buzy<\/p>\" data-title=\"Atylla Hun Bule z Buzy<p>Atylla Hun Bule z Buzy<\/p>\"  src=\"https:\/\/www.worldofbullcraft.com\/content\/wp-content\/uploads\/2013\/08\/atylla10-100x50.jpg\"  data-big=\"https:\/\/www.worldofbullcraft.com\/content\/wp-content\/uploads\/2013\/08\/atylla10.jpg\"\n\t\t\t\t\t\t\t   data-description=\"\"  \/><\/a>\t\n\t <\/div>\t\n  <\/div>\t\n<!-- Galleria ends here -->\n\n\n<p>Biography for Atylla Hun a.k.a. Pepper, Son of a World Champion.<\/p>\n<p>Born on 19 March 2009<br \/>\nFather: CHGB, WORLD WINNER &#8220;08 LEGENDARY LEON Timar<br \/>\nMother: BERTA Junior Champion of the Ming Clan<br \/>\nWeight: 40 Kilograms<br \/>\nTitles: Polish Champion, M\u0142.Ch. Poland, M\u0142. CAC, CWC, CACIB, BOB and BOS<\/p>\n<p>Pepper\u00a0is the Male Stud that we used for Pandora&#8217;s Covering (this resulted in 8 pups, 3 females and 5 males. For more information look at the page for\u00a0<a title=\"Pandora\u2019s \u201cB\u201d Litter\" href=\"https:\/\/www.worldofbullcraft.com\/content\/pandoras-b-litter\/\">Pandora&#8217;s &#8220;B&#8221; Litter<\/a>).<\/p>\n<p>We choose\u00a0Pepper\u00a0to mate with <a title=\"\u2018Pandora\u2019 Niebezpieczne Zwiazki\" href=\"https:\/\/www.worldofbullcraft.com\/content\/pandora-niebezpieczne-zwiazki\/\">Pandora<\/a>\u00a0because of his beautiful head, a very nice and strong muscular structure (as you can see on the pictures), very nice dynamics\u00a0and a easygoing personality (Click <a title=\"Frontside Atylla's FCI Family Tree\" href=\"https:\/\/www.worldofbullcraft.com\/content\/wp-content\/uploads\/2011\/11\/FCIFront.jpg\">FrontSide<\/a> | <a title=\"Backside Atylla's FCI Familytree\" href=\"https:\/\/www.worldofbullcraft.com\/content\/wp-content\/uploads\/2011\/11\/FCIBack.jpg\">BackSide<\/a> for his FCI Familytree).<\/p>\n<p>His owner\/handler is M.\u00a0Michalski who resides in\u00a0Jamborek (\u0141\u00f3d\u017a, Poland). His kennel is FCI registered and &#8220;Pepper&#8221; full-filled all show obligations to qualify as Stud and is also holder of the <a title=\"Atylla Youth Champion PL 2010\" href=\"https:\/\/www.worldofbullcraft.com\/content\/wp-content\/uploads\/2011\/11\/YouthChampion2010.jpg\">Polish Youth Championship\u00a0Title in 2010<\/a> and the\u00a0<a title=\"Polish Championship 2011 &quot;Atylla Hun&quot;\" href=\"https:\/\/www.worldofbullcraft.com\/content\/wp-content\/uploads\/2011\/11\/Champion2011.jpg\">Polish Championship Title in 2011<\/a>\u00a0besides many other titles he gathered during his impressive career at the shows. Below is a comprehensive list of his achievements to date.<\/p>\n<ul>\n<li><strong>Third place<\/strong>\u00a0Puppy Class NBTC Netherlands &#8211; Very Promising, 14 November 2009<\/li>\n<li><strong>Second Place\u00a0<\/strong>W\u0142oc\u0142awek Terrier Club Show &#8211; Excellent, 07 March 2010<\/li>\n<li><strong>Second Place\u00a0<\/strong>Katowice International Dog Show &#8211; Very Good, 26 March 2010<\/li>\n<li><strong>Second Place<\/strong> Opole International Dog Show &#8211; Excellent, 24 April 2010<\/li>\n<li><strong>Second Place<\/strong>\u00a0\u0141\u00f3d\u017a International Dog Show &#8211; Excellent, 01 May 2010<\/li>\n<li><strong>First Place<\/strong>\u00a0Bydgoszcz National Dog Show &#8211; Excellent \/ Zw M\u0141, Best Junior, 03 May 2010<\/li>\n<li><strong>First Place<\/strong> Czestochowa National Show &#8211; Excellent \/ Zw M\u0141, 16 May 2010<\/li>\n<li><strong>First Place<\/strong> Bytom National Show &#8211; Excellent \/ Zw M\u0141, Best Junior, BOB, 23 May 2010<\/li>\n<li><strong>First Place<\/strong> P\u0142ock National Dog Show &#8211; Excellent \/ Best Junior, BOB, 30 May 2010<\/li>\n<li><strong>First Place<\/strong> Warsaw International Dog Show &#8211; Excellent \/ CWC, Res. CACIB, 10 July 2010<\/li>\n<li><strong>First Place\u00a0<\/strong>B\u0119dzin National Show &#8211; Excellent \/ CAC, 25 July 2010<\/li>\n<li><strong>Second Place<\/strong> Torun National Terriers Dog Show &#8211; Excellent, 21 August 2010<\/li>\n<li><strong>First Place<\/strong> Bydgoszcz Valentine&#8217;s Night Exhibition &#8211; Excellent \/ CWC, BOB, 12 February 2011<\/li>\n<li><strong>First Place<\/strong> Bydgoszcz Valentine&#8217;s Exhibition &#8211; Excellent \/ CWC, BOS, 13 February 2011<\/li>\n<li><strong>First Place<\/strong> Katowice International Dog Show &#8211; Excellent \/ CWC, CACIB, BOS, 18\u00a0April 2011<\/li>\n<li><strong>Second Place\u00a0<\/strong>Sopron HBTK Special CAC Show Hungary &#8211; Excellent \/ Res. CAC, 19 April 2011<\/li>\n<li><strong>First Place<\/strong> Sopron HBTK Club Show Hungary &#8211; Excellent \/ CAC, 20 April 2011<\/li>\n<\/ul>\n<p><strong>Champion Class Shows:<\/strong><\/p>\n<ul>\n<li><strong>First Place<\/strong> Opole International Dog Show &#8211; Excellent \/ CWC, CACIB, BOB, 30 April 2011<\/li>\n<li><strong>First Place<\/strong> Opole Terrier Club Show &#8211; Excellent \/ CWC, 01 May 2011<\/li>\n<li><strong>First Place<\/strong> \u0141\u00f3d\u017a International Dog Show &#8211; Excellent\u00a0\/ CACIB, BOS, 07 May 2011<\/li>\n<li><strong>First Place<\/strong> Bedzin National Show &#8211; Excellent \/ CWC, BOB, 25 July 2011<\/li>\n<li><strong>First Place\u00a0<\/strong>W\u0142oc\u0142awek National Show &#8211; Excellent \/ CWC, BOB, 04 September 2011<\/li>\n<li><strong>First Place<\/strong> W\u0142oc\u0142aw International Dog Show &#8211; Excellent \/ CWC, CACIB, 24 September 2011<\/li>\n<li><strong>Second Place<\/strong> NBTC Champion of Champions Brussels\u00a0&#8211; Excellent \/\u00a0211 Bullterriers\u00a0at the exhibition, 12 November 2011<\/li>\n<\/ul>\n<p>&nbsp;<\/p>\n","protected":false},"excerpt":{"rendered":"<p>Welcome to the courtesy page for: Atylla Hun &#8216;Pepper&#8217; Bule z Buzy Biography for Atylla Hun a.k.a. Pepper, Son of a World Champion. Born on 19 March 2009 Father: CHGB, [&hellip;]<\/p>\n","protected":false},"author":1,"featured_media":0,"parent":0,"menu_order":1,"comment_status":"closed","ping_status":"closed","template":"","meta":{"footnotes":""},"tags":[64,60,166,62,53,74],"class_list":["post-607","page","type-page","status-publish","hentry","tag-b-litter","tag-bullterrier-2","tag-male","tag-pandora","tag-pups-2","tag-stud-2"],"_links":{"self":[{"href":"https:\/\/www.worldofbullcraft.com\/content\/wp-json\/wp\/v2\/pages\/607","targetHints":{"allow":["GET"]}}],"collection":[{"href":"https:\/\/www.worldofbullcraft.com\/content\/wp-json\/wp\/v2\/pages"}],"about":[{"href":"https:\/\/www.worldofbullcraft.com\/content\/wp-json\/wp\/v2\/types\/page"}],"author":[{"embeddable":true,"href":"https:\/\/www.worldofbullcraft.com\/content\/wp-json\/wp\/v2\/users\/1"}],"replies":[{"embeddable":true,"href":"https:\/\/www.worldofbullcraft.com\/content\/wp-json\/wp\/v2\/comments?post=607"}],"version-history":[{"count":7,"href":"https:\/\/www.worldofbullcraft.com\/content\/wp-json\/wp\/v2\/pages\/607\/revisions"}],"predecessor-version":[{"id":5283,"href":"https:\/\/www.worldofbullcraft.com\/content\/wp-json\/wp\/v2\/pages\/607\/revisions\/5283"}],"wp:attachment":[{"href":"https:\/\/www.worldofbullcraft.com\/content\/wp-json\/wp\/v2\/media?parent=607"}],"wp:term":[{"taxonomy":"post_tag","embeddable":true,"href":"https:\/\/www.worldofbullcraft.com\/content\/wp-json\/wp\/v2\/tags?post=607"}],"curies":[{"name":"wp","href":"https:\/\/api.w.org\/{rel}","templated":true}]}}